{"id":7,"date":"2026-03-03T18:22:47","date_gmt":"2026-03-03T17:22:47","guid":{"rendered":"https:\/\/incertitude-et-performance.fr\/?page_id=7"},"modified":"2026-03-03T18:54:10","modified_gmt":"2026-03-03T17:54:10","slug":"accueil","status":"publish","type":"page","link":"https:\/\/incertitude-et-performance.fr\/","title":{"rendered":"Accueil"},"content":{"rendered":"\n<div class=\"wp-block-cover\" style=\"padding-top:0;padding-right:0;padding-bottom:0;padding-left:0;min-height:300px;aspect-ratio:unset;\"><span aria-hidden=\"true\" class=\"wp-block-cover__background has-ast-global-color-3-background-color has-background-dim-100 has-background-dim\"><\/span><div class=\"wp-block-cover__inner-container is-layout-constrained wp-container-core-cover-is-layout-805732dc wp-block-cover-is-layout-constrained\">\n<p class=\"has-text-align-center has-large-font-size\"><\/p>\n\n\n\n<h2 class=\"wp-block-heading has-white-color has-text-color has-link-color wp-elements-04a3f28d01c6581b8181d861f6bc110f\">Affiner vos perceptions. Mesurer vos progr\u00e8s. Apprendre de l&#8217;incertitude.<\/h2>\n\n\n\n<p class=\"has-white-color has-text-color has-link-color wp-elements-ed40931c1425e41273b76f9d8c795686\"><em>Terrain &amp; labo : <em>Un accompagnement scientifique humain, \u00e0 partir de vos perceptions et renforc\u00e9 par des mesures objectives de performance.<\/em> <\/em><\/p>\n\n\n\n<p><\/p>\n<\/div><\/div>\n\n\n\n<div class=\"wp-block-columns is-layout-flex wp-container-core-columns-is-layout-28f84493 wp-block-columns-is-layout-flex\">\n<div class=\"wp-block-column is-layout-flow wp-block-column-is-layout-flow\">\n<h3 class=\"wp-block-heading has-medium-font-size\">\ud83c\udfc6 Sportifs de Haut Niveau<\/h3>\n\n\n\n<p>Optimisez vos prises de d\u00e9cision sous pression et objectivez vos ressentis. Un accompagnement taill\u00e9 pour les exigences des championnats nationaux et internationaux.<\/p>\n<\/div>\n\n\n\n<div class=\"wp-block-column is-layout-flow wp-block-column-is-layout-flow\">\n<h3 class=\"wp-block-heading has-medium-font-size\">\ud83d\udcbc Dirigeants &amp; Cadres<\/h3>\n\n\n\n<p>Naviguez dans la complexit\u00e9 de l&#8217;entreprise. Apprenez \u00e0 d\u00e9cider avec justesse lorsque les variables sont inconnues et que l&#8217;incertitude est maximale.<\/p>\n<\/div>\n\n\n\n<div class=\"wp-block-column is-layout-flow wp-block-column-is-layout-flow\">\n<h3 class=\"wp-block-heading has-medium-font-size\">\ud83c\udfad Artistes &amp; Musiciens<\/h3>\n\n\n\n<p>Apprivoisez l&#8217;al\u00e9atoire du direct et le trac de la sc\u00e8ne. Transformez la pression en un v\u00e9ritable moteur d&#8217;adaptation et de performance.<\/p>\n<\/div>\n<\/div>\n\n\n\n<div class=\"wp-block-media-text is-stacked-on-mobile\" style=\"grid-template-columns:33% auto\"><figure class=\"wp-block-media-text__media\"><img loading=\"lazy\" decoding=\"async\" width=\"852\" height=\"1024\" src=\"https:\/\/incertitude-et-performance.fr\/wp-content\/uploads\/2026\/03\/IMG_6610-1-852x1024.jpg\" alt=\"\" class=\"wp-image-15 size-full\" srcset=\"https:\/\/incertitude-et-performance.fr\/wp-content\/uploads\/2026\/03\/IMG_6610-1-852x1024.jpg 852w, https:\/\/incertitude-et-performance.fr\/wp-content\/uploads\/2026\/03\/IMG_6610-1-250x300.jpg 250w, https:\/\/incertitude-et-performance.fr\/wp-content\/uploads\/2026\/03\/IMG_6610-1-768x923.jpg 768w, https:\/\/incertitude-et-performance.fr\/wp-content\/uploads\/2026\/03\/IMG_6610-1-1278x1536.jpg 1278w, https:\/\/incertitude-et-performance.fr\/wp-content\/uploads\/2026\/03\/IMG_6610-1-1704x2048.jpg 1704w\" sizes=\"auto, (max-width: 852px) 100vw, 852px\" \/><\/figure><div class=\"wp-block-media-text__content\">\n<h2 class=\"wp-block-heading\">De l&#8217;exigence du terrain \u00e0 la validation scientifique.<\/h2>\n\n\n\n<p>Ancien sportif de haut niveau (Handball -18 National) et musicien au conservatoire, j&#8217;ai tr\u00e8s t\u00f4t \u00e9t\u00e9 confront\u00e9 \u00e0 des challenges mentaux. Apr\u00e8s une fili\u00e8re scientifique, mon parcours acad\u00e9mique \u00e0 d\u00e9but\u00e9 pendant le Covid par une Licence STAPS &#8216;Entra\u00eenement sportif&#8217;, l&#8217;\u00e9cole de l&#8217;adaptation par excellence. Cette fili\u00e8re et le contexte m&#8217;ont pouss\u00e9 \u00e0 chercher des r\u00e9ponses fiables et mesurables.<\/p>\n\n\n\n<p>Aujourd&#8217;hui \u00e0 Montpellier, j&#8217;accompagne au quotidien l&#8217;\u00e9lite sportive. J&#8217;interviens notamment aupr\u00e8s des jeunes athl\u00e8tes de haut niveau des P\u00f4les r\u00e9gionaux et nationaux de Voile (Carnon, La Grande Motte, Marseille), sur des \u00e9ch\u00e9ances majeures : Championnats de France, d&#8217;Europe et du Monde.<\/p>\n\n\n\n<p>Ma l\u00e9gitimit\u00e9 repose sur la confrontation constante entre la th\u00e9orie et la pratique, soutenue par un double Master : l&#8217;un en Pr\u00e9paration Mentale, l&#8217;autre en Recherche sur le Mouvement Humain ainsi qu&#8217;une recherche constante de terrain aupr\u00e8s des entra\u00eeneurs.<\/p>\n\n\n\n<div class=\"wp-block-buttons is-layout-flex wp-block-buttons-is-layout-flex\">\n<div class=\"wp-block-button\"><a class=\"wp-block-button__link has-ast-global-color-4-color has-ast-global-color-3-background-color has-text-color has-background has-link-color wp-element-button\"><strong>M\u00e9thode &amp; Philosophie<\/strong><\/a><\/div>\n<\/div>\n<\/div><\/div>\n\n\n\n<p><\/p>\n","protected":false},"excerpt":{"rendered":"<p>\ud83c\udfc6 Sportifs de Haut Niveau Optimisez vos prises de d\u00e9cision sous pression et objectivez vos ressentis. Un accompagnement taill\u00e9 pour [&hellip;]<\/p>\n","protected":false},"author":1,"featured_media":0,"parent":0,"menu_order":0,"comment_status":"closed","ping_status":"closed","template":"","meta":{"site-sidebar-layout":"default","site-content-layout":"","ast-site-content-layout":"full-width-container","site-content-style":"default","site-sidebar-style":"default","ast-global-header-display":"","ast-banner-title-visibility":"","ast-main-header-display":"","ast-hfb-above-header-display":"","ast-hfb-below-header-display":"","ast-hfb-mobile-header-display":"","site-post-title":"","ast-breadcrumbs-content":"","ast-featured-img":"","footer-sml-layout":"","ast-disable-related-posts":"","theme-transparent-header-meta":"","adv-header-id-meta":"","stick-header-meta":"","header-above-stick-meta":"","header-main-stick-meta":"","header-below-stick-meta":"","astra-migrate-meta-layouts":"default","ast-page-background-enabled":"default","ast-page-background-meta":{"desktop":{"background-color":"var(--ast-global-color-5)","background-image":"","background-repeat":"repeat","background-position":"center center","background-size":"auto","background-attachment":"scroll","background-type":"","background-media":"","overlay-type":"","overlay-color":"","overlay-opacity":"","overlay-gradient":""},"tablet":{"background-color":"","background-image":"","background-repeat":"repeat","background-position":"center center","background-size":"auto","background-attachment":"scroll","background-type":"","background-media":"","overlay-type":"","overlay-color":"","overlay-opacity":"","overlay-gradient":""},"mobile":{"background-color":"","background-image":"","background-repeat":"repeat","background-position":"center center","background-size":"auto","background-attachment":"scroll","background-type":"","background-media":"","overlay-type":"","overlay-color":"","overlay-opacity":"","overlay-gradient":""}},"ast-content-background-meta":{"desktop":{"background-color":"var(--ast-global-color-4)","background-image":"","background-repeat":"repeat","background-position":"center center","background-size":"auto","background-attachment":"scroll","background-type":"","background-media":"","overlay-type":"","overlay-color":"","overlay-opacity":"","overlay-gradient":""},"tablet":{"background-color":"var(--ast-global-color-4)","background-image":"","background-repeat":"repeat","background-position":"center center","background-size":"auto","background-attachment":"scroll","background-type":"","background-media":"","overlay-type":"","overlay-color":"","overlay-opacity":"","overlay-gradient":""},"mobile":{"background-color":"var(--ast-global-color-4)","background-image":"","background-repeat":"repeat","background-position":"center center","background-size":"auto","background-attachment":"scroll","background-type":"","background-media":"","overlay-type":"","overlay-color":"","overlay-opacity":"","overlay-gradient":""}},"footnotes":""},"class_list":["post-7","page","type-page","status-publish","hentry"],"_links":{"self":[{"href":"https:\/\/incertitude-et-performance.fr\/index.php?rest_route=\/wp\/v2\/pages\/7","targetHints":{"allow":["GET"]}}],"collection":[{"href":"https:\/\/incertitude-et-performance.fr\/index.php?rest_route=\/wp\/v2\/pages"}],"about":[{"href":"https:\/\/incertitude-et-performance.fr\/index.php?rest_route=\/wp\/v2\/types\/page"}],"author":[{"embeddable":true,"href":"https:\/\/incertitude-et-performance.fr\/index.php?rest_route=\/wp\/v2\/users\/1"}],"replies":[{"embeddable":true,"href":"https:\/\/incertitude-et-performance.fr\/index.php?rest_route=%2Fwp%2Fv2%2Fcomments&post=7"}],"version-history":[{"count":7,"href":"https:\/\/incertitude-et-performance.fr\/index.php?rest_route=\/wp\/v2\/pages\/7\/revisions"}],"predecessor-version":[{"id":19,"href":"https:\/\/incertitude-et-performance.fr\/index.php?rest_route=\/wp\/v2\/pages\/7\/revisions\/19"}],"wp:attachment":[{"href":"https:\/\/incertitude-et-performance.fr\/index.php?rest_route=%2Fwp%2Fv2%2Fmedia&parent=7"}],"curies":[{"name":"wp","href":"https:\/\/api.w.org\/{rel}","templated":true}]}}